{"id":786,"date":"2019-02-15T13:20:51","date_gmt":"2019-02-15T12:20:51","guid":{"rendered":"http:\/\/grijalba.online\/?page_id=786"},"modified":"2019-02-15T13:36:31","modified_gmt":"2019-02-15T12:36:31","slug":"formulario-de-contacto","status":"publish","type":"page","link":"http:\/\/grijalba.online\/?page_id=786","title":{"rendered":"Formulario de contacto"},"content":{"rendered":"<div id=\"pl-786\" class=\"panel-layout\">\n<div id=\"pg-786-0\" class=\"panel-grid panel-has-style\">\n<div class=\"panel-row-style panel-row-style-for-786-0\" style=\"padding: 100px 0;\" data-overlay=\"true\">\n<div id=\"pgc-786-0-0\" class=\"panel-grid-cell\" data-weight=\"1\">\n<div id=\"panel-786-0-0-0\" class=\"so-panel widget widget_sydney_image_widget sydney_image_widget_widget panel-first-child panel-last-child\" data-index=\"0\" data-style=\"{&quot;background_image_attachment&quot;:false,&quot;background_display&quot;:&quot;tile&quot;,&quot;content_alignment&quot;:&quot;left&quot;,&quot;title_alignment&quot;:&quot;center&quot;,&quot;title_color&quot;:&quot;#47425d&quot;,&quot;headings_color&quot;:&quot;#443f3f&quot;}\">\n<div class=\"panel-widget-style panel-widget-style-for-786-0-0-0\" style=\"text-align: left;\" data-title-color=\"#47425d\" data-headings-color=\"#443f3f\" data-title_alignment=\"center\"><div style=\"display:inline-block;max-width:100%;\" class=\"sydney-image\"><img decoding=\"async\" src=\"http:\/\/grijalba.online\/wp-content\/uploads\/2019\/02\/hazte-socio.jpg\"\/><\/div><\/div>\n<\/div>\n<\/div>\n<\/div>\n<\/div>\n<div id=\"pg-786-1\" class=\"panel-grid panel-has-style\" data-style=\"{&quot;cell_alignment&quot;:&quot;flex-start&quot;,&quot;align&quot;:&quot;&quot;,&quot;background_image&quot;:false,&quot;overlay&quot;:&quot;&quot;,&quot;overlay_color&quot;:&quot;#000000&quot;}\" data-ratio=\"1\" data-ratio-direction=\"right\">\n<div class=\"panel-row-style panel-row-style-for-786-1\" style=\"padding: 100px 0;\" data-overlay=\"true\" data-overlay-color=\"#000000\">\n<div id=\"pgc-786-1-0\" class=\"panel-grid-cell\" data-weight=\"1\">\n<div id=\"panel-786-1-0-0\" class=\"so-panel widget widget_text panel-first-child panel-last-child\" data-index=\"1\" data-style=\"{&quot;background_image_attachment&quot;:false,&quot;background_display&quot;:&quot;tile&quot;,&quot;content_alignment&quot;:&quot;left&quot;,&quot;title_alignment&quot;:&quot;center&quot;,&quot;title_color&quot;:&quot;#47425d&quot;,&quot;headings_color&quot;:&quot;#443f3f&quot;}\">\n<div class=\"panel-widget-style panel-widget-style-for-786-1-0-0\" style=\"text-align: left;\" data-title-color=\"#47425d\" data-headings-color=\"#443f3f\" data-title_alignment=\"center\">\n<div class=\"textwidget\">\n<p><span style=\"font-size: medium;\">\u00bfQuieres formar parte de nuestra Asociaci\u00f3n?<\/span><\/p>\n<p><span style=\"font-size: medium;\">Solo tienes que rellenar el formulario que aparece a continuaci\u00f3n.<\/span><\/p>\n<p><a name=\"_GoBack\"><\/a><span style=\"font-size: medium;\">Disfrutar\u00e1s de importantes descuentos en los eventos que requieran aportaci\u00f3n econ\u00f3mica, estar\u00e1s continuamente informado de todas las actividades que realizamos para que no te pierdas nada y podr\u00e1s exponer tus propias ideas o proyectos y llevarlos a cabo.<\/span><\/p>\n<p><span style=\"font-size: medium;\">La edad m\u00ednima para ser socio es 15 a\u00f1os<\/span><\/p>\n<p><span style=\"font-size: medium;\">Los ni\u00f1os menores de 15 a\u00f1os e hijos de socios tendr\u00e1n el mismo trato que un socio<\/span><\/p>\n<p><span style=\"font-size: medium;\">Solo son 10\u20ac de cuota anual para mayores de 22 a\u00f1os y 8\u20ac para edades comprendidas entre 15 y 22 a\u00f1os.<\/span><\/p>\n<p><span style=\"font-size: medium;\">\u00a1Con un poquito de cada uno hacemos mucho!<\/span><\/p>\n<\/div>\n<\/div>\n<\/div>\n<\/div>\n<\/div>\n<\/div>\n<div id=\"pg-786-2\" class=\"panel-grid panel-has-style\" data-style=\"{&quot;cell_alignment&quot;:&quot;flex-start&quot;,&quot;align&quot;:&quot;&quot;,&quot;background_image&quot;:false,&quot;overlay&quot;:&quot;&quot;,&quot;overlay_color&quot;:&quot;#000000&quot;}\" data-ratio=\"1\" data-ratio-direction=\"right\">\n<div class=\"panel-row-style panel-row-style-for-786-2\" style=\"padding: 100px 0;\" data-overlay=\"true\" data-overlay-color=\"#000000\">\n<div id=\"pgc-786-2-0\" class=\"panel-grid-cell panel-grid-cell-empty\" data-weight=\"1\">\n<div class=\"wpcf7 no-js\" id=\"wpcf7-f794-o1\" lang=\"es-ES\" dir=\"ltr\">\n<div class=\"screen-reader-response\"><p role=\"status\" aria-live=\"polite\" aria-atomic=\"true\"><\/p> <ul><\/ul><\/div>\n<form action=\"\/index.php?rest_route=%2Fwp%2Fv2%2Fpages%2F786#wpcf7-f794-o1\" method=\"post\" class=\"wpcf7-form init\" aria-label=\"Formulario de contacto\" novalidate=\"novalidate\" data-status=\"init\">\n<div style=\"display: none;\">\n<input type=\"hidden\" name=\"_wpcf7\" value=\"794\" \/>\n<input type=\"hidden\" name=\"_wpcf7_version\" value=\"5.9.6\" \/>\n<input type=\"hidden\" name=\"_wpcf7_locale\" value=\"es_ES\" \/>\n<input type=\"hidden\" name=\"_wpcf7_unit_tag\" value=\"wpcf7-f794-o1\" \/>\n<input type=\"hidden\" name=\"_wpcf7_container_post\" value=\"0\" \/>\n<input type=\"hidden\" name=\"_wpcf7_posted_data_hash\" value=\"\" \/>\n<\/div>\n<p><label> Tu nombre (requerido)<br \/>\n<span class=\"wpcf7-form-control-wrap\" data-name=\"your-name\"><input size=\"40\" maxlength=\"80\" class=\"wpcf7-form-control wpcf7-text wpcf7-validates-as-required\" aria-required=\"true\" aria-invalid=\"false\" value=\"\" type=\"text\" name=\"your-name\" \/><\/span> <\/label>\n<\/p>\n<p><label> Tu correo electr\u00f3nico (requerido)<br \/>\n<span class=\"wpcf7-form-control-wrap\" data-name=\"your-email\"><input size=\"40\" maxlength=\"80\" class=\"wpcf7-form-control wpcf7-email wpcf7-validates-as-required wpcf7-text wpcf7-validates-as-email\" aria-required=\"true\" aria-invalid=\"false\" value=\"\" type=\"email\" name=\"your-email\" \/><\/span> <\/label>\n<\/p>\n<p><label> Asunto<br \/>\n<span class=\"wpcf7-form-control-wrap\" data-name=\"your-subject\"><input size=\"40\" maxlength=\"80\" class=\"wpcf7-form-control wpcf7-text\" aria-invalid=\"false\" value=\"\" type=\"text\" name=\"your-subject\" \/><\/span> <\/label>\n<\/p>\n<p><label> Fecha de nacimiento<br \/>\n<span class=\"wpcf7-form-control-wrap\" data-name=\"date-35\"><input class=\"wpcf7-form-control wpcf7-date wpcf7-validates-as-date\" aria-invalid=\"false\" value=\"\" type=\"date\" name=\"date-35\" \/><\/span> <\/label>\n<\/p>\n<p><label> Tu mensaje<br \/>\n<span class=\"wpcf7-form-control-wrap\" data-name=\"your-message\"><textarea cols=\"40\" rows=\"10\" maxlength=\"400\" class=\"wpcf7-form-control wpcf7-textarea\" aria-invalid=\"false\" name=\"your-message\"><\/textarea><\/span> <\/label>\n<\/p>\n<p><input class=\"wpcf7-form-control wpcf7-submit has-spinner\" type=\"submit\" value=\"Enviar\" \/>\n<\/p><div class=\"wpcf7-response-output\" aria-hidden=\"true\"><\/div>\n<\/form>\n<\/div>\n<\/div>\n<\/div>\n<\/div>\n<\/div>\n","protected":false},"excerpt":{"rendered":"<p>\u00bfQuieres formar parte de nuestra Asociaci\u00f3n? Solo tienes que rellenar el formulario que aparece a continuaci\u00f3n. Disfrutar\u00e1s de importantes descuentos en los eventos que requieran aportaci\u00f3n econ\u00f3mica, estar\u00e1s continuamente informado de todas las actividades que realizamos para que no te pierdas nada y podr\u00e1s exponer tus propias ideas o proyectos y llevarlos a cabo. La [&hellip;]<\/p>\n","protected":false},"author":1,"featured_media":0,"parent":0,"menu_order":0,"comment_status":"closed","ping_status":"closed","template":"","meta":{"_mc_calendar":[],"footnotes":""},"_links":{"self":[{"href":"http:\/\/grijalba.online\/index.php?rest_route=\/wp\/v2\/pages\/786"}],"collection":[{"href":"http:\/\/grijalba.online\/index.php?rest_route=\/wp\/v2\/pages"}],"about":[{"href":"http:\/\/grijalba.online\/index.php?rest_route=\/wp\/v2\/types\/page"}],"author":[{"embeddable":true,"href":"http:\/\/grijalba.online\/index.php?rest_route=\/wp\/v2\/users\/1"}],"replies":[{"embeddable":true,"href":"http:\/\/grijalba.online\/index.php?rest_route=%2Fwp%2Fv2%2Fcomments&post=786"}],"version-history":[{"count":11,"href":"http:\/\/grijalba.online\/index.php?rest_route=\/wp\/v2\/pages\/786\/revisions"}],"predecessor-version":[{"id":799,"href":"http:\/\/grijalba.online\/index.php?rest_route=\/wp\/v2\/pages\/786\/revisions\/799"}],"wp:attachment":[{"href":"http:\/\/grijalba.online\/index.php?rest_route=%2Fwp%2Fv2%2Fmedia&parent=786"}],"curies":[{"name":"wp","href":"https:\/\/api.w.org\/{rel}","templated":true}]}}