{"id":872,"date":"2019-02-20T19:35:04","date_gmt":"2019-02-20T18:35:04","guid":{"rendered":"http:\/\/grijalba.online\/?page_id=872"},"modified":"2019-02-21T20:24:29","modified_gmt":"2019-02-21T19:24:29","slug":"proyectos-2","status":"publish","type":"page","link":"http:\/\/grijalba.online\/?page_id=872","title":{"rendered":"Proyectos"},"content":{"rendered":"<div id=\"pl-gb872-69f37cab1e1cd\"  class=\"panel-layout\" ><div id=\"pg-gb872-69f37cab1e1cd-0\"  class=\"panel-grid panel-has-style\"  data-style=\"{&quot;full_height&quot;:&quot;&quot;,&quot;cell_alignment&quot;:&quot;flex-start&quot;,&quot;align&quot;:&quot;&quot;,&quot;background_image&quot;:false,&quot;overlay&quot;:&quot;&quot;,&quot;overlay_color&quot;:&quot;#000000&quot;}\"  data-ratio=\"1\"  data-ratio-direction=\"right\" ><div style=\"padding: 100px 0; \" data-overlay=\"true\" data-overlay-color=\"#000000\" class=\"panel-row-style panel-row-style-for-gb872-69f37cab1e1cd-0\" ><div id=\"pgc-gb872-69f37cab1e1cd-0-0\"  class=\"panel-grid-cell\"  data-weight=\"1\" ><div id=\"panel-gb872-69f37cab1e1cd-0-0-0\" class=\"so-panel widget widget_sydney_image_widget sydney_image_widget_widget panel-first-child panel-last-child\" data-index=\"0\" data-style=\"{&quot;background_image_attachment&quot;:false,&quot;background_display&quot;:&quot;tile&quot;,&quot;content_alignment&quot;:&quot;left&quot;,&quot;title_alignment&quot;:&quot;center&quot;,&quot;title_color&quot;:&quot;#47425d&quot;,&quot;headings_color&quot;:&quot;#443f3f&quot;}\" ><div style=\"text-align: left;\" data-title-color=\"#47425d\" data-headings-color=\"#443f3f\" data-title_alignment=\"center\" class=\"panel-widget-style panel-widget-style-for-gb872-69f37cab1e1cd-0-0-0\" ><div style=\"display:inline-block;max-width:100%;\" class=\"sydney-image\"><img decoding=\"async\" src=\"http:\/\/grijalba.online\/wp-content\/uploads\/2019\/02\/proyectos.jpg\"\/><\/div><\/div><\/div><\/div><\/div><\/div><div id=\"pg-gb872-69f37cab1e1cd-1\"  class=\"panel-grid panel-has-style\"  data-style=\"{&quot;full_height&quot;:&quot;&quot;,&quot;cell_alignment&quot;:&quot;flex-start&quot;,&quot;align&quot;:&quot;&quot;,&quot;background_image&quot;:false,&quot;overlay&quot;:&quot;&quot;,&quot;overlay_color&quot;:&quot;#000000&quot;}\"  data-ratio=\"1\"  data-ratio-direction=\"right\" ><div style=\"padding: 100px 0; \" data-overlay=\"true\" data-overlay-color=\"#000000\" class=\"panel-row-style panel-row-style-for-gb872-69f37cab1e1cd-1\" ><div id=\"pgc-gb872-69f37cab1e1cd-1-0\"  class=\"panel-grid-cell\"  data-weight=\"1\" ><div id=\"panel-gb872-69f37cab1e1cd-1-0-0\" class=\"so-panel widget widget_sydney_image_widget sydney_image_widget_widget panel-first-child\" data-index=\"1\" data-style=\"{&quot;background_image_attachment&quot;:false,&quot;background_display&quot;:&quot;tile&quot;,&quot;content_alignment&quot;:&quot;left&quot;,&quot;title_alignment&quot;:&quot;center&quot;,&quot;title_color&quot;:&quot;#47425d&quot;,&quot;headings_color&quot;:&quot;#443f3f&quot;}\" ><div style=\"text-align: left;\" data-title-color=\"#47425d\" data-headings-color=\"#443f3f\" data-title_alignment=\"center\" class=\"panel-widget-style panel-widget-style-for-gb872-69f37cab1e1cd-1-0-0\" ><div style=\"display:inline-block;max-width:100%;\" class=\"sydney-image\"><img decoding=\"async\" src=\"http:\/\/grijalba.online\/wp-content\/uploads\/2019\/02\/FOTO-PORTADA-1.jpg\"\/><\/div><\/div><\/div><div id=\"panel-gb872-69f37cab1e1cd-1-0-1\" class=\"so-panel widget widget_sydney_image_widget sydney_image_widget_widget\" data-index=\"2\" data-style=\"{&quot;background_image_attachment&quot;:false,&quot;background_display&quot;:&quot;tile&quot;,&quot;content_alignment&quot;:&quot;left&quot;,&quot;title_alignment&quot;:&quot;center&quot;,&quot;title_color&quot;:&quot;#47425d&quot;,&quot;headings_color&quot;:&quot;#443f3f&quot;}\" ><div style=\"text-align: left;\" data-title-color=\"#47425d\" data-headings-color=\"#443f3f\" data-title_alignment=\"center\" class=\"panel-widget-style panel-widget-style-for-gb872-69f37cab1e1cd-1-0-1\" ><div style=\"display:inline-block;max-width:100%;\" class=\"sydney-image\"><img decoding=\"async\" src=\"http:\/\/grijalba.online\/wp-content\/uploads\/2019\/02\/PLANOS-1.jpg\"\/><\/div><\/div><\/div><div id=\"panel-gb872-69f37cab1e1cd-1-0-2\" class=\"so-panel widget widget_text\" data-index=\"3\" data-style=\"{&quot;background_image_attachment&quot;:false,&quot;background_display&quot;:&quot;tile&quot;,&quot;content_alignment&quot;:&quot;left&quot;,&quot;title_alignment&quot;:&quot;center&quot;,&quot;title_color&quot;:&quot;#47425d&quot;,&quot;headings_color&quot;:&quot;#443f3f&quot;}\" ><div style=\"text-align: left;\" data-title-color=\"#47425d\" data-headings-color=\"#443f3f\" data-title_alignment=\"center\" class=\"panel-widget-style panel-widget-style-for-gb872-69f37cab1e1cd-1-0-2\" >\t\t\t<div class=\"textwidget\"><p align=\"CENTER\"><span style=\"font-size: x-large;\">BARBACOA<\/span><\/p>\n<p align=\"CENTER\"><span style=\"font-size: medium;\">Saludos amigos!<\/span><\/p>\n<p align=\"CENTER\"><span style=\"font-size: medium;\">Os presentamos nuestro nuevo proyecto; se trata de la construcci\u00f3n de un asador cubierto de grandes dimensiones de uso comunitario, el emplazamiento ser\u00eda en el reci\u00e9n remodelado corral\u00f3n. <\/span><\/p>\n<p align=\"CENTER\"><span style=\"font-size: medium;\">Constar\u00eda de un gran espacio para asar; est\u00e1 dise\u00f1ado para que se puedan utilizar tres parrillas a la vez, unas encimeras laterales para apoyar las parrillas, o dejar condimentos una gran barra o mesa con capacidad para unas 20 personas y un le\u00f1ero en la parte baja del hogar<\/span><\/p>\n<p align=\"CENTER\"><span style=\"font-size: medium;\">Esta actuaci\u00f3n completar\u00eda un espacio multiusos que desde la inauguraci\u00f3n hace ya m\u00e1s de un a\u00f1o de la p\u00e9rgola y el campo de tuta, ha tenido una gran aceptaci\u00f3n por parte de todos los colectivos<\/span><\/p>\n<p align=\"CENTER\"><span style=\"font-size: medium;\">El asador estar\u00eda ubicado en la \u00faltima terraza, donde estaban los aparatos de gimnasia.<\/span><\/p>\n<p align=\"CENTER\"><span style=\"font-size: medium;\">La idea de este proyecto es que la construcci\u00f3n se convierta en un espacio multifuncional; que aparte de su principal funci\u00f3n; que es la de servir de asador para reuniones familiares, comidas populares, meriendas de amigos\u2026. Pueda tambi\u00e9n utilizarse como mesa de juegos, barra de bar en alg\u00fan evento, lugar de reuniones\u2026.<\/span><\/p>\n<p align=\"CENTER\">\u2026<span style=\"font-size: medium;\">.pero de momento todo esto en un proyecto <\/span><\/p>\n<p align=\"CENTER\"><span style=\"font-size: medium;\">Como todos sab\u00e9is, contamos con pocos recursos y por ello estamos evaluando si ser\u00eda posible realizarlo econ\u00f3micamente hablando. Estamos pidiendo presupuestos para el material, posibles colaboraciones en materia de mano de obra, etc\u2026<\/span><\/p>\n<p align=\"CENTER\"><a name=\"_GoBack\"><\/a><span style=\"font-size: medium;\">Todos aquellos que quer\u00e1is colaborar en este proyecto, solo tienes que ponerlos en contacto con nosotros, dici\u00e9ndoselo a cualquiera de los que formamos parte de la junta directiva o mand\u00e1ndonos un correo a nuestra nueva direcci\u00f3n de correo electr\u00f3nico. <a href=\"mailto:asociaci\u00f3n@grijalba.online\">asociaci\u00f3n@grijalba.online<\/a> <\/span><\/p>\n<p align=\"CENTER\"><span style=\"font-size: medium;\">Juntos hacemos Grijalba!!!<\/span><\/p>\n<\/div>\n\t\t<\/div><\/div><div id=\"panel-gb872-69f37cab1e1cd-1-0-3\" class=\"so-panel widget widget_sydney_image_widget sydney_image_widget_widget panel-last-child\" data-index=\"4\" data-style=\"{&quot;background_image_attachment&quot;:false,&quot;background_display&quot;:&quot;tile&quot;,&quot;content_alignment&quot;:&quot;left&quot;,&quot;title_alignment&quot;:&quot;center&quot;,&quot;title_color&quot;:&quot;#47425d&quot;,&quot;headings_color&quot;:&quot;#443f3f&quot;}\" ><div style=\"text-align: left;\" data-title-color=\"#47425d\" data-headings-color=\"#443f3f\" data-title_alignment=\"center\" class=\"panel-widget-style panel-widget-style-for-gb872-69f37cab1e1cd-1-0-3\" ><div style=\"display:inline-block;max-width:100%;\" class=\"sydney-image\"><a href=\"http:\/\/grijalba.online\/?page_id=786\"><img decoding=\"async\" src=\"http:\/\/grijalba.online\/wp-content\/uploads\/2019\/02\/hazte-socio.jpg\"\/><\/a><\/div><\/div><\/div><\/div><\/div><\/div><\/div>\n\n\n<p><\/p>\n","protected":false},"excerpt":{"rendered":"<p>BARBACOA Saludos amigos! Os presentamos nuestro nuevo proyecto; se trata de la construcci\u00f3n de un asador cubierto de grandes dimensiones de uso comunitario, el emplazamiento ser\u00eda en el reci\u00e9n remodelado corral\u00f3n. Constar\u00eda de un gran espacio para asar; est\u00e1 dise\u00f1ado para que se puedan utilizar tres parrillas a la vez, unas encimeras laterales para apoyar [&hellip;]<\/p>\n","protected":false},"author":1,"featured_media":0,"parent":0,"menu_order":0,"comment_status":"closed","ping_status":"closed","template":"","meta":{"_mc_calendar":[],"footnotes":""},"_links":{"self":[{"href":"http:\/\/grijalba.online\/index.php?rest_route=\/wp\/v2\/pages\/872"}],"collection":[{"href":"http:\/\/grijalba.online\/index.php?rest_route=\/wp\/v2\/pages"}],"about":[{"href":"http:\/\/grijalba.online\/index.php?rest_route=\/wp\/v2\/types\/page"}],"author":[{"embeddable":true,"href":"http:\/\/grijalba.online\/index.php?rest_route=\/wp\/v2\/users\/1"}],"replies":[{"embeddable":true,"href":"http:\/\/grijalba.online\/index.php?rest_route=%2Fwp%2Fv2%2Fcomments&post=872"}],"version-history":[{"count":6,"href":"http:\/\/grijalba.online\/index.php?rest_route=\/wp\/v2\/pages\/872\/revisions"}],"predecessor-version":[{"id":985,"href":"http:\/\/grijalba.online\/index.php?rest_route=\/wp\/v2\/pages\/872\/revisions\/985"}],"wp:attachment":[{"href":"http:\/\/grijalba.online\/index.php?rest_route=%2Fwp%2Fv2%2Fmedia&parent=872"}],"curies":[{"name":"wp","href":"https:\/\/api.w.org\/{rel}","templated":true}]}}